{"id":148,"date":"2017-12-07T09:12:58","date_gmt":"2017-12-07T09:12:58","guid":{"rendered":"https:\/\/teknisktfel.se\/?page_id=148"},"modified":"2018-10-25T08:09:10","modified_gmt":"2018-10-25T08:09:10","slug":"hem","status":"publish","type":"page","link":"https:\/\/teknisktfel.se\/","title":{"rendered":"Hem"},"content":{"rendered":"<h1>Vad har h\u00e4nt sedan #metoo och #teknisktfel?<\/h1>\n<p>Det har g\u00e5tt ett \u00e5r sedan #metoo. Den 19 november 2017 publicerades #teknisktfel i <a href=\"https:\/\/www.dn.se\/nyheter\/nyheter-hem\/de-har-skrivit-under-uppropet-teknisktfel\/\" rel=\"noopener\" target=\"_blank\">Dagens Nyheter<\/a> och i januari publicerade vi en text som lyfte fram chefen som f\u00f6r\u00f6varen i tidningen <a href=\"https:\/\/www.nyteknik.se\/opinion\/teknisktfel-det-behover-stadas-upp-i-chefsleden-6893500\" rel=\"noopener\" target=\"_blank\">NyTeknik<\/a>. <\/p>\n<p>Nu undrar vi vad som har h\u00e4nt sedan dess och vi uppskattar d\u00e4rf\u00f6r om du kan ta n\u00e5gon minut och svara p\u00e5 6 korta fr\u00e5gor. <a href=\"https:\/\/docs.google.com\/forms\/d\/e\/1FAIpQLScUz0kwqkjQe5iLLjrBcr0rYEqFjPY7HdJNMiJ3CWdHOnYzjg\/viewform\" rel=\"noopener\" target=\"_blank\">Fyll i enk\u00e4ten h\u00e4r. <\/a><\/p>\n<p><a href=\"https:\/\/teknisktfel.se\/?page_id=291\">Skriv under uppropet #teknisktfel h\u00e4r.<\/a><\/p>\n<h1>[pdb_total] personer har skrivit under uppropet #teknisktfel.<\/h1>\n<p>\u00c4ven teknikbranschen p\u00e5verkas av de strukturella problem som uppm\u00e4rksammats genom #metoo. Det finns en sexistisk kultur som normaliserats och en tystnadskultur d\u00e4r drabbade kvinnors r\u00f6ster inte h\u00f6rs. Nu \u00e4ndrar vi p\u00e5 det, och hundratals kvinnor har b\u00f6rjat genom att dela sina ber\u00e4ttelser.<\/p>\n<p>I ljuset av r\u00f6sterna fr\u00e5n de kvinnliga sk\u00e5despelarna #tystnadtagning, s\u00e5ngerskorna #visjungerut, juristerna #medvilkenr\u00e4tt med flera vill vi lyfta fram ber\u00e4ttelser som visar p\u00e5 en sexistisk kultur som i dag normaliserats \u00e4ven i teknikbranschen. Det f\u00f6religger ett #teknisktfel.<\/p>\n<p>M\u00e5nga vittnar om kampen att som kvinna passa in i den mansdominerade milj\u00f6n. Den kvinna som uppm\u00e4rksammar oacceptabelt spr\u00e5k och ageranden blir ofta sj\u00e4lv ifr\u00e5gasatt, samtidigt som f\u00f6r\u00f6varen slipper undan eller rentav blir befordrad. En del kvinnor anser sig ha blivit v\u00e4l behandlade men ber\u00e4ttar samtidigt om hur de anv\u00e4nder strategier f\u00f6r att skydda sig.<\/p>\n<p>[pdb_total] personer har skrivit under uppropet #teknisktfel. Hundratals har delat sina historier och siffran stiger. Ber\u00e4ttelserna som lyfts fram h\u00e4r \u00e4r inte unika, utan representerar en m\u00e4ngd vittnesm\u00e5l. F\u00f6reteelser som kan verka obetydliga \u00e4r en del av ett st\u00f6rre sammanhang. Alla kvinnor ska k\u00e4nna sig v\u00e4lkomna att arbeta inom alla f\u00e4lt och p\u00e5 alla f\u00f6retag.<\/p>\n<p>F\u00f6r 100 \u00e5r sedan tog Vera Sandberg examen och blev Sveriges f\u00f6rsta kvinnliga ingenj\u00f6r. \u00c4nnu idag \u00e4r teknikbranschen starkt mansdominerad. De ber\u00e4ttelser vi f\u00e5tt in visar att en del av f\u00f6rklaringen st\u00e5r att finna i en sexistisk kultur. Kulturen g\u00e5r att f\u00f6r\u00e4ndra. N\u00e4r alla inom teknikbranschen slutar acceptera, och ist\u00e4llet b\u00f6rjar uppm\u00e4rksamma vad som \u00e4r fel kan problemet l\u00f6sas. \u00a0Det duger inte att v\u00e4nta 100 \u00e5r till.<\/p>\n<p><a href=\"https:\/\/teknisktfel.se\/?page_id=291\">Skriv under uppropet #teknisktfel h\u00e4r.<\/a><\/p>\n","protected":false},"excerpt":{"rendered":"<p>Vad har h\u00e4nt sedan #metoo och #teknisktfel? Det har g\u00e5tt ett \u00e5r sedan #metoo. Den 19 november 2017 publicerades #teknisktfel&hellip;<\/p>\n","protected":false},"author":1,"featured_media":0,"parent":0,"menu_order":0,"comment_status":"closed","ping_status":"closed","template":"","meta":{"footnotes":""},"class_list":["post-148","page","type-page","status-publish","hentry"],"_links":{"self":[{"href":"https:\/\/teknisktfel.se\/index.php?rest_route=\/wp\/v2\/pages\/148","targetHints":{"allow":["GET"]}}],"collection":[{"href":"https:\/\/teknisktfel.se\/index.php?rest_route=\/wp\/v2\/pages"}],"about":[{"href":"https:\/\/teknisktfel.se\/index.php?rest_route=\/wp\/v2\/types\/page"}],"author":[{"embeddable":true,"href":"https:\/\/teknisktfel.se\/index.php?rest_route=\/wp\/v2\/users\/1"}],"replies":[{"embeddable":true,"href":"https:\/\/teknisktfel.se\/index.php?rest_route=%2Fwp%2Fv2%2Fcomments&post=148"}],"version-history":[{"count":19,"href":"https:\/\/teknisktfel.se\/index.php?rest_route=\/wp\/v2\/pages\/148\/revisions"}],"predecessor-version":[{"id":556,"href":"https:\/\/teknisktfel.se\/index.php?rest_route=\/wp\/v2\/pages\/148\/revisions\/556"}],"wp:attachment":[{"href":"https:\/\/teknisktfel.se\/index.php?rest_route=%2Fwp%2Fv2%2Fmedia&parent=148"}],"curies":[{"name":"wp","href":"https:\/\/api.w.org\/{rel}","templated":true}]}}