{"id":211,"date":"2017-12-10T16:27:42","date_gmt":"2017-12-10T16:27:42","guid":{"rendered":"https:\/\/teknisktfel.se\/?page_id=211"},"modified":"2017-12-16T20:27:29","modified_gmt":"2017-12-16T20:27:29","slug":"varfor-teknisktfel","status":"publish","type":"page","link":"https:\/\/teknisktfel.se\/?page_id=211","title":{"rendered":"Varf\u00f6r #teknisktfel?"},"content":{"rendered":"<h1><b>Varf\u00f6r #teknisktfel?<\/b><\/h1>\n<p><span style=\"font-weight: 400;\">#metoo visade p\u00e5 att alldeles f\u00f6r m\u00e5nga kvinnor har blivit utsatta f\u00f6r n\u00e5gon form av sexuella trakasserier. Trots det h\u00e4vdades det att teknikbranschen var f\u00f6rskonad fr\u00e5n de strukturella problem som finns i samh\u00e4llet. V\u00e5rt upprop gjordes f\u00f6r att belysa att det \u00e4ven i v\u00e5r bransch f\u00f6religger ett <\/span><b>#teknisktfel<\/b><span style=\"font-weight: 400;\">.<\/span><\/p>\n<p><span style=\"font-weight: 400;\">Det b\u00f6rjar tidigt. Redan i f\u00f6rskolan l\u00e4r sig barnen vilka lekar som flickor och pojkar f\u00f6rv\u00e4ntas tycka om. Kvinnor som gillar teknik kan redan i de l\u00e4gre \u00e5rskurserna i grundskolan ha upplevt sig som udda eftersom matte och \u00f6vriga tekniska \u00e4mnen inte f\u00f6rv\u00e4ntas locka flickor i stor utstr\u00e4ckning. Under utbildningstiden p\u00e5 tekniska universitet och h\u00f6gskolor v\u00e4njer vi oss. En kultur d\u00e4r vi blir f\u00f6rminskade, objektifierade och sexualiserade blir en accepterad vardag. Som kvinna i teknikbranschen f\u00f6rv\u00e4ntas det att vi har \u201cskinn p\u00e5 n\u00e4san\u201d, annars f\u00e5r vi skylla oss sj\u00e4lva. F\u00f6r att \u00f6verleva utvecklas olika typer av f\u00f6rsvarsmekanismer. F\u00f6rsvarsmekanismer som med tiden blir s\u00e5 sj\u00e4lvklara att vi inte ens m\u00e4rker att vi sj\u00e4lva anv\u00e4nder dem.<\/span><\/p>\n<p><span style=\"font-weight: 400;\">Med <\/span><b>#teknisktfel<\/b><span style=\"font-weight: 400;\"> ville vi visa att \u00e4ven teknikbranschen \u00e4r genomsyrad av de strukturella problem som samh\u00e4llet i stort lider av.<\/span><\/p>\n<p><span style=\"font-weight: 400;\">Det vi \u00f6nskar \u00e4r en sj\u00e4lvklarhet \u2013 ett j\u00e4mst\u00e4llt och j\u00e4mlikt samh\u00e4lle d\u00e4r m\u00e4nniskor \u00e4r lika v\u00e4rda.<\/span><\/p>\n<ul>\n<li style=\"font-weight: 400;\"><span style=\"font-weight: 400;\">Vi vill att alla kvinnor ska k\u00e4nna sig v\u00e4lkomna i teknikbranschen. Alla ska k\u00e4nna sig trygga, uppskattade och respekterade. \u00a0<\/span><\/li>\n<li style=\"font-weight: 400;\"><span style=\"font-weight: 400;\">Vi vill att v\u00e5ra d\u00f6ttrar ska f\u00e5 leva i en v\u00e4rld d\u00e4r de har samma m\u00f6jligheter som v\u00e5ra s\u00f6ner. En v\u00e4rld d\u00e4r varje barn f\u00e5r v\u00e4lja yrke baserat p\u00e5 deras intresse, ist\u00e4llet f\u00f6r baserat p\u00e5 deras k\u00f6n.<\/span><\/li>\n<li style=\"font-weight: 400;\"><span style=\"font-weight: 400;\">Vi vill att varje kvinna ska ha r\u00e4tten till sin egen kropp. Ingen ska bli utsatt f\u00f6r sexuella \u00f6vergrepp, trakasserier eller rena v\u00e5ldsbrott som alldeles f\u00f6r m\u00e5nga kvinnor redan blivit utsatta f\u00f6r.<\/span><\/li>\n<\/ul>\n<p><span style=\"font-weight: 400;\">Kvinnorna i teknikbranschen har f\u00e5tt nog. Nu r\u00e4cker det. Det \u00e4r dags f\u00f6r en f\u00f6r\u00e4ndring.<br \/>\n<\/span><span style=\"font-weight: 400;\">F\u00f6r\u00e4ndringen b\u00f6rjar med att belysa ett <\/span><b>#teknisktfel<\/b><\/p>\n","protected":false},"excerpt":{"rendered":"<p>Varf\u00f6r #teknisktfel? #metoo visade p\u00e5 att alldeles f\u00f6r m\u00e5nga kvinnor har blivit utsatta f\u00f6r n\u00e5gon form av sexuella trakasserier. Trots&hellip;<\/p>\n","protected":false},"author":1,"featured_media":0,"parent":0,"menu_order":0,"comment_status":"closed","ping_status":"closed","template":"","meta":{"footnotes":""},"class_list":["post-211","page","type-page","status-publish","hentry"],"_links":{"self":[{"href":"https:\/\/teknisktfel.se\/index.php?rest_route=\/wp\/v2\/pages\/211","targetHints":{"allow":["GET"]}}],"collection":[{"href":"https:\/\/teknisktfel.se\/index.php?rest_route=\/wp\/v2\/pages"}],"about":[{"href":"https:\/\/teknisktfel.se\/index.php?rest_route=\/wp\/v2\/types\/page"}],"author":[{"embeddable":true,"href":"https:\/\/teknisktfel.se\/index.php?rest_route=\/wp\/v2\/users\/1"}],"replies":[{"embeddable":true,"href":"https:\/\/teknisktfel.se\/index.php?rest_route=%2Fwp%2Fv2%2Fcomments&post=211"}],"version-history":[{"count":8,"href":"https:\/\/teknisktfel.se\/index.php?rest_route=\/wp\/v2\/pages\/211\/revisions"}],"predecessor-version":[{"id":342,"href":"https:\/\/teknisktfel.se\/index.php?rest_route=\/wp\/v2\/pages\/211\/revisions\/342"}],"wp:attachment":[{"href":"https:\/\/teknisktfel.se\/index.php?rest_route=%2Fwp%2Fv2%2Fmedia&parent=211"}],"curies":[{"name":"wp","href":"https:\/\/api.w.org\/{rel}","templated":true}]}}