{"id":275,"date":"2017-12-13T20:18:22","date_gmt":"2017-12-13T20:18:22","guid":{"rendered":"https:\/\/teknisktfel.se\/?page_id=275"},"modified":"2017-12-14T09:31:33","modified_gmt":"2017-12-14T09:31:33","slug":"dela-berattelse","status":"publish","type":"page","link":"https:\/\/teknisktfel.se\/?page_id=275","title":{"rendered":"Dela ber\u00e4ttelse"},"content":{"rendered":"<h1>Dela din ber\u00e4ttelse med #teknisktfel<\/h1>\n<p>Fyll i formul\u00e4ret nedan f\u00f6r att dela din ber\u00e4ttelse med oss. Vill du dela flera ber\u00e4ttelser s\u00e5 g\u00e5r det bra att fylla i formul\u00e4ret flera g\u00e5nger. Ber\u00e4ttelserna hanteras helt anonymt. Genom att fylla i formul\u00e4ret nedan godk\u00e4nner du att din ber\u00e4ttelse f\u00e5r publiceras.<\/p>\n\n<div class=\"wpcf7 no-js\" id=\"wpcf7-f288-o1\" lang=\"sv-SE\" dir=\"ltr\" data-wpcf7-id=\"288\">\n<div class=\"screen-reader-response\"><p role=\"status\" aria-live=\"polite\" aria-atomic=\"true\"><\/p> <ul><\/ul><\/div>\n<form action=\"\/index.php?rest_route=%2Fwp%2Fv2%2Fpages%2F275#wpcf7-f288-o1\" method=\"post\" class=\"wpcf7-form init\" aria-label=\"Kontaktformul\u00e4r\" novalidate=\"novalidate\" data-status=\"init\">\n<fieldset class=\"hidden-fields-container\"><input type=\"hidden\" name=\"_wpcf7\" value=\"288\" \/><input type=\"hidden\" name=\"_wpcf7_version\" value=\"6.1.5\" \/><input type=\"hidden\" name=\"_wpcf7_locale\" value=\"sv_SE\" \/><input type=\"hidden\" name=\"_wpcf7_unit_tag\" value=\"wpcf7-f288-o1\" \/><input type=\"hidden\" name=\"_wpcf7_container_post\" value=\"0\" \/><input type=\"hidden\" name=\"_wpcf7_posted_data_hash\" value=\"\" \/>\n<\/fieldset>\n<p><label> Bransch:<br \/>\n<span class=\"wpcf7-form-control-wrap\" data-name=\"bransch\"><input size=\"40\" maxlength=\"400\" class=\"wpcf7-form-control wpcf7-text\" aria-invalid=\"false\" value=\"\" type=\"text\" name=\"bransch\" \/><\/span> <\/label>\n<\/p>\n<p><label> Skriv din ber\u00e4ttelse h\u00e4r:<br \/>\n<span class=\"wpcf7-form-control-wrap\" data-name=\"berattelse\"><textarea cols=\"40\" rows=\"10\" maxlength=\"2000\" class=\"wpcf7-form-control wpcf7-textarea\" aria-invalid=\"false\" name=\"berattelse\"><\/textarea><\/span> <\/label>\n<\/p>\n<p><input class=\"wpcf7-form-control wpcf7-submit has-spinner\" type=\"submit\" value=\"Skicka\" \/>\n<\/p><div class=\"wpcf7-response-output\" aria-hidden=\"true\"><\/div>\n<\/form>\n<\/div>\n\n","protected":false},"excerpt":{"rendered":"<p>Dela din ber\u00e4ttelse med #teknisktfel Fyll i formul\u00e4ret nedan f\u00f6r att dela din ber\u00e4ttelse med oss. Vill du dela flera&hellip;<\/p>\n","protected":false},"author":1,"featured_media":0,"parent":0,"menu_order":0,"comment_status":"closed","ping_status":"closed","template":"","meta":{"footnotes":""},"class_list":["post-275","page","type-page","status-publish","hentry"],"_links":{"self":[{"href":"https:\/\/teknisktfel.se\/index.php?rest_route=\/wp\/v2\/pages\/275","targetHints":{"allow":["GET"]}}],"collection":[{"href":"https:\/\/teknisktfel.se\/index.php?rest_route=\/wp\/v2\/pages"}],"about":[{"href":"https:\/\/teknisktfel.se\/index.php?rest_route=\/wp\/v2\/types\/page"}],"author":[{"embeddable":true,"href":"https:\/\/teknisktfel.se\/index.php?rest_route=\/wp\/v2\/users\/1"}],"replies":[{"embeddable":true,"href":"https:\/\/teknisktfel.se\/index.php?rest_route=%2Fwp%2Fv2%2Fcomments&post=275"}],"version-history":[{"count":12,"href":"https:\/\/teknisktfel.se\/index.php?rest_route=\/wp\/v2\/pages\/275\/revisions"}],"predecessor-version":[{"id":330,"href":"https:\/\/teknisktfel.se\/index.php?rest_route=\/wp\/v2\/pages\/275\/revisions\/330"}],"wp:attachment":[{"href":"https:\/\/teknisktfel.se\/index.php?rest_route=%2Fwp%2Fv2%2Fmedia&parent=275"}],"curies":[{"name":"wp","href":"https:\/\/api.w.org\/{rel}","templated":true}]}}