{"id":502,"date":"2018-01-18T08:10:53","date_gmt":"2018-01-18T08:10:53","guid":{"rendered":"https:\/\/teknisktfel.se\/?page_id=502"},"modified":"2018-01-18T08:18:00","modified_gmt":"2018-01-18T08:18:00","slug":"vara-krav","status":"publish","type":"page","link":"https:\/\/teknisktfel.se\/?page_id=502","title":{"rendered":"V\u00e5ra krav"},"content":{"rendered":"<h1>#teknisktfel kr\u00e4ver<\/h1>\n<ol>\n<li>Nolltolerans mot sexuella trakasserier, \u00f6vergrepp och sexistisk jargong p\u00e5 arbetsplatsen<\/li>\n<li>Alla anst\u00e4llda ska ha information om vad sexuella trakasserier \u00e4r och var de som drabbas kan v\u00e4nda sig, \u00e4ven i de fall f\u00f6r\u00f6varen \u00e4r en \u00f6verordnad chef<\/li>\n<li>M\u00f6jlighet att rapportera \u00f6vergrepp anonymt via ett visselbl\u00e5sarsystem<\/li>\n<li>S\u00e4rskild information till chefer om f\u00f6retagets nolltolerans, chefens utredningsansvar och vart chefer kan v\u00e4nda sig f\u00f6r st\u00f6d n\u00e4r en anm\u00e4lan kommer in<\/li>\n<li>Anonyma enk\u00e4ter f\u00f6r att f\u00f6lja upp f\u00f6rekomst av sexuella trakasserier och resultat av \u00e5tg\u00e4rdsplaner<\/li>\n<\/ol>\n","protected":false},"excerpt":{"rendered":"<p>#teknisktfel kr\u00e4ver Nolltolerans mot sexuella trakasserier, \u00f6vergrepp och sexistisk jargong p\u00e5 arbetsplatsen Alla anst\u00e4llda ska ha information om vad sexuella&hellip;<\/p>\n","protected":false},"author":1,"featured_media":0,"parent":0,"menu_order":0,"comment_status":"closed","ping_status":"closed","template":"","meta":{"footnotes":""},"class_list":["post-502","page","type-page","status-publish","hentry"],"_links":{"self":[{"href":"https:\/\/teknisktfel.se\/index.php?rest_route=\/wp\/v2\/pages\/502","targetHints":{"allow":["GET"]}}],"collection":[{"href":"https:\/\/teknisktfel.se\/index.php?rest_route=\/wp\/v2\/pages"}],"about":[{"href":"https:\/\/teknisktfel.se\/index.php?rest_route=\/wp\/v2\/types\/page"}],"author":[{"embeddable":true,"href":"https:\/\/teknisktfel.se\/index.php?rest_route=\/wp\/v2\/users\/1"}],"replies":[{"embeddable":true,"href":"https:\/\/teknisktfel.se\/index.php?rest_route=%2Fwp%2Fv2%2Fcomments&post=502"}],"version-history":[{"count":3,"href":"https:\/\/teknisktfel.se\/index.php?rest_route=\/wp\/v2\/pages\/502\/revisions"}],"predecessor-version":[{"id":507,"href":"https:\/\/teknisktfel.se\/index.php?rest_route=\/wp\/v2\/pages\/502\/revisions\/507"}],"wp:attachment":[{"href":"https:\/\/teknisktfel.se\/index.php?rest_route=%2Fwp%2Fv2%2Fmedia&parent=502"}],"curies":[{"name":"wp","href":"https:\/\/api.w.org\/{rel}","templated":true}]}}